{"id":4240,"date":"2025-06-24T09:55:00","date_gmt":"2025-06-24T09:55:00","guid":{"rendered":"https:\/\/www.holidayonj.com\/?page_id=4240"},"modified":"2025-07-29T14:31:53","modified_gmt":"2025-07-29T14:31:53","slug":"onj-s-lazaro-lisboa-soins-de-qualite-a-lisbonne-reservez-avec-10","status":"publish","type":"page","link":"https:\/\/www.holidayonj.com\/fr\/onj-s-lazaro-lisboa-soins-de-qualite-a-lisbonne-reservez-avec-10\/","title":{"rendered":"Lisboa"},"content":{"rendered":"","protected":false},"excerpt":{"rendered":"","protected":false},"author":5,"featured_media":0,"parent":0,"menu_order":-10,"comment_status":"closed","ping_status":"closed","template":"template-locations.php","meta":{"_acf_changed":false,"footnotes":""},"class_list":["post-4240","page","type-page","status-publish","hentry"],"acf":[],"featured_image_urls_v2":{"full":"","thumbnail":"","medium":"","medium_large":"","large":"","1536x1536":"","2048x2048":"","hero":"","square":"","gallery":"","gallery-landscape":"","header-banner":""},"post_excerpt_stackable_v2":"","category_list_v2":"","author_info_v2":{"name":"Catarina","url":"https:\/\/www.holidayonj.com\/fr\/author\/catarina\/"},"comments_num_v2":"0 commentaire","yoast_head":"<!-- This site is optimized with the Yoast SEO plugin v25.4 - https:\/\/yoast.com\/wordpress\/plugins\/seo\/ -->\n<title>Lisboa - OnJ S. L\u00e1zaro Lisboa - Official Website - 20% Discount<\/title>\n<meta name=\"description\" content=\"Profitez de 10\u202f% de r\u00e9duction sur votre consultation en r\u00e9servant directement avec ONJ S Lazaro Lisboa. Soins m\u00e9dicaux sp\u00e9cialis\u00e9s et personnalis\u00e9s \u00e0 Lisbonne. R\u00e9servez en ligne d\u00e8s maintenant.\" \/>\n<meta name=\"robots\" content=\"index, follow, max-snippet:-1, max-image-preview:large, max-video-preview:-1\" \/>\n<link rel=\"canonical\" href=\"https:\/\/www.holidayonj.com\/fr\/onj-s-lazaro-lisboa-soins-de-qualite-a-lisbonne-reservez-avec-10\/\" \/>\n<meta property=\"og:locale\" content=\"fr_FR\" \/>\n<meta property=\"og:type\" content=\"article\" \/>\n<meta property=\"og:title\" content=\"Lisboa - OnJ S. L\u00e1zaro Lisboa - Official Website - 20% Discount\" \/>\n<meta property=\"og:description\" content=\"Profitez de 10\u202f% de r\u00e9duction sur votre consultation en r\u00e9servant directement avec ONJ S Lazaro Lisboa. Soins m\u00e9dicaux sp\u00e9cialis\u00e9s et personnalis\u00e9s \u00e0 Lisbonne. R\u00e9servez en ligne d\u00e8s maintenant.\" \/>\n<meta property=\"og:url\" content=\"https:\/\/www.holidayonj.com\/fr\/onj-s-lazaro-lisboa-soins-de-qualite-a-lisbonne-reservez-avec-10\/\" \/>\n<meta property=\"og:site_name\" content=\"OnJ S. L\u00e1zaro Lisboa - Official Website - 20% Discount\" \/>\n<meta property=\"article:publisher\" content=\"https:\/\/www.facebook.com\/onjstays\" \/>\n<meta property=\"article:modified_time\" content=\"2025-07-29T14:31:53+00:00\" \/>\n<meta property=\"og:image\" content=\"https:\/\/www.holidayonj.com\/wp-content\/uploads\/2019\/12\/onjlisbon.jpg\" \/>\n\t<meta property=\"og:image:width\" content=\"1200\" \/>\n\t<meta property=\"og:image:height\" content=\"628\" \/>\n\t<meta property=\"og:image:type\" content=\"image\/jpeg\" \/>\n<meta name=\"twitter:card\" content=\"summary_large_image\" \/>\n<script type=\"application\/ld+json\" class=\"yoast-schema-graph\">{\"@context\":\"https:\/\/schema.org\",\"@graph\":[{\"@type\":\"WebPage\",\"@id\":\"https:\/\/www.holidayonj.com\/fr\/onj-s-lazaro-lisboa-soins-de-qualite-a-lisbonne-reservez-avec-10\/\",\"url\":\"https:\/\/www.holidayonj.com\/fr\/onj-s-lazaro-lisboa-soins-de-qualite-a-lisbonne-reservez-avec-10\/\",\"name\":\"Lisboa - OnJ S. L\u00e1zaro Lisboa - Official Website - 20% Discount\",\"isPartOf\":{\"@id\":\"https:\/\/www.holidayonj.com\/fr\/#website\"},\"datePublished\":\"2025-06-24T09:55:00+00:00\",\"dateModified\":\"2025-07-29T14:31:53+00:00\",\"description\":\"Profitez de 10\u202f% de r\u00e9duction sur votre consultation en r\u00e9servant directement avec ONJ S Lazaro Lisboa. Soins m\u00e9dicaux sp\u00e9cialis\u00e9s et personnalis\u00e9s \u00e0 Lisbonne. R\u00e9servez en ligne d\u00e8s maintenant.\",\"inLanguage\":\"fr-FR\",\"potentialAction\":[{\"@type\":\"ReadAction\",\"target\":[\"https:\/\/www.holidayonj.com\/fr\/onj-s-lazaro-lisboa-soins-de-qualite-a-lisbonne-reservez-avec-10\/\"]}]},{\"@type\":\"WebSite\",\"@id\":\"https:\/\/www.holidayonj.com\/fr\/#website\",\"url\":\"https:\/\/www.holidayonj.com\/fr\/\",\"name\":\"OnJ S. L\u00e1zaro Lisboa - Official Website - 20% Discount\",\"description\":\"Lisbon Accommodations | Luxury Vacation Rentals Lisbon Portugal - HolidayOnJ\",\"publisher\":{\"@id\":\"https:\/\/www.holidayonj.com\/fr\/#organization\"},\"potentialAction\":[{\"@type\":\"SearchAction\",\"target\":{\"@type\":\"EntryPoint\",\"urlTemplate\":\"https:\/\/www.holidayonj.com\/fr\/?s={search_term_string}\"},\"query-input\":{\"@type\":\"PropertyValueSpecification\",\"valueRequired\":true,\"valueName\":\"search_term_string\"}}],\"inLanguage\":\"fr-FR\"},{\"@type\":\"Organization\",\"@id\":\"https:\/\/www.holidayonj.com\/fr\/#organization\",\"name\":\"OnJ\",\"url\":\"https:\/\/www.holidayonj.com\/fr\/\",\"logo\":{\"@type\":\"ImageObject\",\"inLanguage\":\"fr-FR\",\"@id\":\"https:\/\/www.holidayonj.com\/fr\/#\/schema\/logo\/image\/\",\"url\":\"https:\/\/www.holidayonj.com\/wp-content\/uploads\/2019\/12\/onjlisbon.jpg\",\"contentUrl\":\"https:\/\/www.holidayonj.com\/wp-content\/uploads\/2019\/12\/onjlisbon.jpg\",\"width\":1200,\"height\":628,\"caption\":\"OnJ\"},\"image\":{\"@id\":\"https:\/\/www.holidayonj.com\/fr\/#\/schema\/logo\/image\/\"},\"sameAs\":[\"https:\/\/www.facebook.com\/onjstays\",\"https:\/\/www.instagram.com\/onjstays\/\",\"https:\/\/www.linkedin.com\/company\/holidayonj\/\"]}]}<\/script>\n<!-- \/ Yoast SEO plugin. -->","yoast_head_json":{"title":"Lisboa - OnJ S. L\u00e1zaro Lisboa - Official Website - 20% Discount","description":"Profitez de 10\u202f% de r\u00e9duction sur votre consultation en r\u00e9servant directement avec ONJ S Lazaro Lisboa. Soins m\u00e9dicaux sp\u00e9cialis\u00e9s et personnalis\u00e9s \u00e0 Lisbonne. R\u00e9servez en ligne d\u00e8s maintenant.","robots":{"index":"index","follow":"follow","max-snippet":"max-snippet:-1","max-image-preview":"max-image-preview:large","max-video-preview":"max-video-preview:-1"},"canonical":"https:\/\/www.holidayonj.com\/fr\/onj-s-lazaro-lisboa-soins-de-qualite-a-lisbonne-reservez-avec-10\/","og_locale":"fr_FR","og_type":"article","og_title":"Lisboa - OnJ S. L\u00e1zaro Lisboa - Official Website - 20% Discount","og_description":"Profitez de 10\u202f% de r\u00e9duction sur votre consultation en r\u00e9servant directement avec ONJ S Lazaro Lisboa. Soins m\u00e9dicaux sp\u00e9cialis\u00e9s et personnalis\u00e9s \u00e0 Lisbonne. R\u00e9servez en ligne d\u00e8s maintenant.","og_url":"https:\/\/www.holidayonj.com\/fr\/onj-s-lazaro-lisboa-soins-de-qualite-a-lisbonne-reservez-avec-10\/","og_site_name":"OnJ S. L\u00e1zaro Lisboa - Official Website - 20% Discount","article_publisher":"https:\/\/www.facebook.com\/onjstays","article_modified_time":"2025-07-29T14:31:53+00:00","og_image":[{"width":1200,"height":628,"url":"https:\/\/www.holidayonj.com\/wp-content\/uploads\/2019\/12\/onjlisbon.jpg","type":"image\/jpeg"}],"twitter_card":"summary_large_image","schema":{"@context":"https:\/\/schema.org","@graph":[{"@type":"WebPage","@id":"https:\/\/www.holidayonj.com\/fr\/onj-s-lazaro-lisboa-soins-de-qualite-a-lisbonne-reservez-avec-10\/","url":"https:\/\/www.holidayonj.com\/fr\/onj-s-lazaro-lisboa-soins-de-qualite-a-lisbonne-reservez-avec-10\/","name":"Lisboa - OnJ S. L\u00e1zaro Lisboa - Official Website - 20% Discount","isPartOf":{"@id":"https:\/\/www.holidayonj.com\/fr\/#website"},"datePublished":"2025-06-24T09:55:00+00:00","dateModified":"2025-07-29T14:31:53+00:00","description":"Profitez de 10\u202f% de r\u00e9duction sur votre consultation en r\u00e9servant directement avec ONJ S Lazaro Lisboa. Soins m\u00e9dicaux sp\u00e9cialis\u00e9s et personnalis\u00e9s \u00e0 Lisbonne. R\u00e9servez en ligne d\u00e8s maintenant.","inLanguage":"fr-FR","potentialAction":[{"@type":"ReadAction","target":["https:\/\/www.holidayonj.com\/fr\/onj-s-lazaro-lisboa-soins-de-qualite-a-lisbonne-reservez-avec-10\/"]}]},{"@type":"WebSite","@id":"https:\/\/www.holidayonj.com\/fr\/#website","url":"https:\/\/www.holidayonj.com\/fr\/","name":"OnJ S. L\u00e1zaro Lisboa - Official Website - 20% Discount","description":"Lisbon Accommodations | Luxury Vacation Rentals Lisbon Portugal - HolidayOnJ","publisher":{"@id":"https:\/\/www.holidayonj.com\/fr\/#organization"},"potentialAction":[{"@type":"SearchAction","target":{"@type":"EntryPoint","urlTemplate":"https:\/\/www.holidayonj.com\/fr\/?s={search_term_string}"},"query-input":{"@type":"PropertyValueSpecification","valueRequired":true,"valueName":"search_term_string"}}],"inLanguage":"fr-FR"},{"@type":"Organization","@id":"https:\/\/www.holidayonj.com\/fr\/#organization","name":"OnJ","url":"https:\/\/www.holidayonj.com\/fr\/","logo":{"@type":"ImageObject","inLanguage":"fr-FR","@id":"https:\/\/www.holidayonj.com\/fr\/#\/schema\/logo\/image\/","url":"https:\/\/www.holidayonj.com\/wp-content\/uploads\/2019\/12\/onjlisbon.jpg","contentUrl":"https:\/\/www.holidayonj.com\/wp-content\/uploads\/2019\/12\/onjlisbon.jpg","width":1200,"height":628,"caption":"OnJ"},"image":{"@id":"https:\/\/www.holidayonj.com\/fr\/#\/schema\/logo\/image\/"},"sameAs":["https:\/\/www.facebook.com\/onjstays","https:\/\/www.instagram.com\/onjstays\/","https:\/\/www.linkedin.com\/company\/holidayonj\/"]}]}},"_links":{"self":[{"href":"https:\/\/www.holidayonj.com\/fr\/wp-json\/wp\/v2\/pages\/4240","targetHints":{"allow":["GET"]}}],"collection":[{"href":"https:\/\/www.holidayonj.com\/fr\/wp-json\/wp\/v2\/pages"}],"about":[{"href":"https:\/\/www.holidayonj.com\/fr\/wp-json\/wp\/v2\/types\/page"}],"author":[{"embeddable":true,"href":"https:\/\/www.holidayonj.com\/fr\/wp-json\/wp\/v2\/users\/5"}],"replies":[{"embeddable":true,"href":"https:\/\/www.holidayonj.com\/fr\/wp-json\/wp\/v2\/comments?post=4240"}],"version-history":[{"count":2,"href":"https:\/\/www.holidayonj.com\/fr\/wp-json\/wp\/v2\/pages\/4240\/revisions"}],"predecessor-version":[{"id":4244,"href":"https:\/\/www.holidayonj.com\/fr\/wp-json\/wp\/v2\/pages\/4240\/revisions\/4244"}],"wp:attachment":[{"href":"https:\/\/www.holidayonj.com\/fr\/wp-json\/wp\/v2\/media?parent=4240"}],"curies":[{"name":"wp","href":"https:\/\/api.w.org\/{rel}","templated":true}]}}